{"id":19,"date":"2020-04-11T18:46:41","date_gmt":"2020-04-11T16:46:41","guid":{"rendered":"http:\/\/exekutive.local\/?page_id=19"},"modified":"2020-11-12T09:25:15","modified_gmt":"2020-11-12T08:25:15","slug":"diagnostic-tools","status":"publish","type":"page","link":"https:\/\/exekutivecoaching.com\/en\/how-it-works\/platform\/diagnostic-tools\/","title":{"rendered":"Diagnostic Tools"},"content":{"rendered":"","protected":false},"excerpt":{"rendered":"","protected":false},"author":1,"featured_media":0,"parent":15,"menu_order":28,"comment_status":"closed","ping_status":"closed","template":"template-comofunciona-plataforma-herramientas.php","meta":[],"yoast_head":"<!-- This site is optimized with the Yoast SEO plugin v14.3 - https:\/\/yoast.com\/wordpress\/plugins\/seo\/ -->\n<meta name=\"description\" content=\"Nuestras herramientas diagn\u00f3sticas incrementan la eficacia del proceso de coaching. Descubre c\u00f3mo funcionan y en qu\u00e9 te benefician estas herramientas.\" \/>\n<meta name=\"robots\" content=\"index, follow\" \/>\n<meta name=\"googlebot\" content=\"index, follow, max-snippet:-1, max-image-preview:large, max-video-preview:-1\" \/>\n<meta name=\"bingbot\" content=\"index, follow, max-snippet:-1, max-image-preview:large, max-video-preview:-1\" \/>\n<link rel=\"canonical\" href=\"https:\/\/exekutivecoaching.com\/en\/how-it-works\/platform\/diagnostic-tools\/\" \/>\n<meta property=\"og:locale\" content=\"en_US\" \/>\n<meta property=\"og:type\" content=\"article\" \/>\n<meta property=\"og:title\" content=\"Herramientas diagn\u00f3sticas | Coaching Ejecutivo | Exekutive Coaching\" \/>\n<meta property=\"og:description\" content=\"Nuestras herramientas diagn\u00f3sticas incrementan la eficacia del proceso de coaching. Descubre c\u00f3mo funcionan y en qu\u00e9 te benefician estas herramientas.\" \/>\n<meta property=\"og:url\" content=\"https:\/\/exekutivecoaching.com\/en\/how-it-works\/platform\/diagnostic-tools\/\" \/>\n<meta property=\"og:site_name\" content=\"Exekutive Coaching (English)\" \/>\n<meta property=\"article:modified_time\" content=\"2020-11-12T08:25:15+00:00\" \/>\n<meta name=\"twitter:card\" content=\"summary_large_image\" \/>\n<script type=\"application\/ld+json\" class=\"yoast-schema-graph\">{\"@context\":\"https:\/\/schema.org\",\"@graph\":[{\"@type\":\"WebSite\",\"@id\":\"https:\/\/exekutivecoaching.com\/en\/#website\",\"url\":\"https:\/\/exekutivecoaching.com\/en\/\",\"name\":\"Exekutive Coaching (English)\",\"description\":\"Executive coaching\",\"potentialAction\":[{\"@type\":\"SearchAction\",\"target\":\"https:\/\/exekutivecoaching.com\/en\/?s={search_term_string}\",\"query-input\":\"required name=search_term_string\"}],\"inLanguage\":\"en-US\"},{\"@type\":\"WebPage\",\"@id\":\"https:\/\/exekutivecoaching.com\/en\/how-it-works\/platform\/diagnostic-tools\/#webpage\",\"url\":\"https:\/\/exekutivecoaching.com\/en\/how-it-works\/platform\/diagnostic-tools\/\",\"name\":\"Herramientas diagn\\u00f3sticas | Coaching Ejecutivo | Exekutive Coaching\",\"isPartOf\":{\"@id\":\"https:\/\/exekutivecoaching.com\/en\/#website\"},\"datePublished\":\"2020-04-11T16:46:41+00:00\",\"dateModified\":\"2020-11-12T08:25:15+00:00\",\"description\":\"Nuestras herramientas diagn\\u00f3sticas incrementan la eficacia del proceso de coaching. Descubre c\\u00f3mo funcionan y en qu\\u00e9 te benefician estas herramientas.\",\"inLanguage\":\"en-US\",\"potentialAction\":[{\"@type\":\"ReadAction\",\"target\":[\"https:\/\/exekutivecoaching.com\/en\/how-it-works\/platform\/diagnostic-tools\/\"]}]}]}<\/script>\n<!-- \/ Yoast SEO plugin. -->","_links":{"self":[{"href":"https:\/\/exekutivecoaching.com\/en\/wp-json\/wp\/v2\/pages\/19"}],"collection":[{"href":"https:\/\/exekutivecoaching.com\/en\/wp-json\/wp\/v2\/pages"}],"about":[{"href":"https:\/\/exekutivecoaching.com\/en\/wp-json\/wp\/v2\/types\/page"}],"author":[{"embeddable":true,"href":"https:\/\/exekutivecoaching.com\/en\/wp-json\/wp\/v2\/users\/1"}],"replies":[{"embeddable":true,"href":"https:\/\/exekutivecoaching.com\/en\/wp-json\/wp\/v2\/comments?post=19"}],"version-history":[{"count":7,"href":"https:\/\/exekutivecoaching.com\/en\/wp-json\/wp\/v2\/pages\/19\/revisions"}],"predecessor-version":[{"id":1911,"href":"https:\/\/exekutivecoaching.com\/en\/wp-json\/wp\/v2\/pages\/19\/revisions\/1911"}],"up":[{"embeddable":true,"href":"https:\/\/exekutivecoaching.com\/en\/wp-json\/wp\/v2\/pages\/15"}],"wp:attachment":[{"href":"https:\/\/exekutivecoaching.com\/en\/wp-json\/wp\/v2\/media?parent=19"}],"curies":[{"name":"wp","href":"https:\/\/api.w.org\/{rel}","templated":true}]}}