{"id":6,"date":"2020-04-07T16:24:50","date_gmt":"2020-04-07T14:24:50","guid":{"rendered":"http:\/\/exekutive.local\/?page_id=6"},"modified":"2022-04-29T08:02:43","modified_gmt":"2022-04-29T06:02:43","slug":"inicio","status":"publish","type":"page","link":"https:\/\/exekutivecoaching.com\/en\/","title":{"rendered":"Inicio"},"content":{"rendered":"","protected":false},"excerpt":{"rendered":"","protected":false},"author":1,"featured_media":1166,"parent":0,"menu_order":5,"comment_status":"closed","ping_status":"closed","template":"template-home.php","meta":[],"yoast_head":"<!-- This site is optimized with the Yoast SEO plugin v14.3 - https:\/\/yoast.com\/wordpress\/plugins\/seo\/ -->\n<meta name=\"description\" content=\"Exekutive coaching es la primera soluci\u00f3n m\u00f3vil, m\u00e1s eficaz y valiosa que satisface todas las necesidades de coaching ejecutivo de tu empresa.\" \/>\n<meta name=\"robots\" content=\"index, follow\" \/>\n<meta name=\"googlebot\" content=\"index, follow, max-snippet:-1, max-image-preview:large, max-video-preview:-1\" \/>\n<meta name=\"bingbot\" content=\"index, follow, max-snippet:-1, max-image-preview:large, max-video-preview:-1\" \/>\n<link rel=\"canonical\" href=\"https:\/\/exekutivecoaching.com\/en\/\" \/>\n<meta property=\"og:locale\" content=\"en_US\" \/>\n<meta property=\"og:type\" content=\"article\" \/>\n<meta property=\"og:title\" content=\"Coaching Ejecutivo | Soluci\u00f3n para tu empresa | Exekutive Coaching\" \/>\n<meta property=\"og:description\" content=\"Exekutive coaching es la primera soluci\u00f3n m\u00f3vil, m\u00e1s eficaz y valiosa que satisface todas las necesidades de coaching ejecutivo de tu empresa.\" \/>\n<meta property=\"og:url\" content=\"https:\/\/exekutivecoaching.com\/en\/\" \/>\n<meta property=\"og:site_name\" content=\"Exekutive Coaching (English)\" \/>\n<meta property=\"article:modified_time\" content=\"2022-04-29T06:02:43+00:00\" \/>\n<meta property=\"og:image\" content=\"https:\/\/exekutivecoaching.com\/en\/wp-content\/uploads\/sites\/2\/2020\/06\/exekutive-coaching-home-hero.jpg\" \/>\n\t<meta property=\"og:image:width\" content=\"5616\" \/>\n\t<meta property=\"og:image:height\" content=\"3744\" \/>\n<meta name=\"twitter:card\" content=\"summary_large_image\" \/>\n<script type=\"application\/ld+json\" class=\"yoast-schema-graph\">{\"@context\":\"https:\/\/schema.org\",\"@graph\":[{\"@type\":\"WebSite\",\"@id\":\"https:\/\/exekutivecoaching.com\/en\/#website\",\"url\":\"https:\/\/exekutivecoaching.com\/en\/\",\"name\":\"Exekutive Coaching (English)\",\"description\":\"Executive coaching\",\"potentialAction\":[{\"@type\":\"SearchAction\",\"target\":\"https:\/\/exekutivecoaching.com\/en\/?s={search_term_string}\",\"query-input\":\"required name=search_term_string\"}],\"inLanguage\":\"en-US\"},{\"@type\":\"ImageObject\",\"@id\":\"https:\/\/exekutivecoaching.com\/en\/#primaryimage\",\"inLanguage\":\"en-US\",\"url\":\"https:\/\/exekutivecoaching.com\/en\/wp-content\/uploads\/sites\/2\/2020\/06\/exekutive-coaching-home-hero.jpg\",\"width\":5616,\"height\":3744},{\"@type\":\"WebPage\",\"@id\":\"https:\/\/exekutivecoaching.com\/en\/#webpage\",\"url\":\"https:\/\/exekutivecoaching.com\/en\/\",\"name\":\"Coaching Ejecutivo | Soluci\\u00f3n para tu empresa | Exekutive Coaching\",\"isPartOf\":{\"@id\":\"https:\/\/exekutivecoaching.com\/en\/#website\"},\"primaryImageOfPage\":{\"@id\":\"https:\/\/exekutivecoaching.com\/en\/#primaryimage\"},\"datePublished\":\"2020-04-07T14:24:50+00:00\",\"dateModified\":\"2022-04-29T06:02:43+00:00\",\"description\":\"Exekutive coaching es la primera soluci\\u00f3n m\\u00f3vil, m\\u00e1s eficaz y valiosa que satisface todas las necesidades de coaching ejecutivo de tu empresa.\",\"inLanguage\":\"en-US\",\"potentialAction\":[{\"@type\":\"ReadAction\",\"target\":[\"https:\/\/exekutivecoaching.com\/en\/\"]}]}]}<\/script>\n<!-- \/ Yoast SEO plugin. -->","_links":{"self":[{"href":"https:\/\/exekutivecoaching.com\/en\/wp-json\/wp\/v2\/pages\/6"}],"collection":[{"href":"https:\/\/exekutivecoaching.com\/en\/wp-json\/wp\/v2\/pages"}],"about":[{"href":"https:\/\/exekutivecoaching.com\/en\/wp-json\/wp\/v2\/types\/page"}],"author":[{"embeddable":true,"href":"https:\/\/exekutivecoaching.com\/en\/wp-json\/wp\/v2\/users\/1"}],"replies":[{"embeddable":true,"href":"https:\/\/exekutivecoaching.com\/en\/wp-json\/wp\/v2\/comments?post=6"}],"version-history":[{"count":38,"href":"https:\/\/exekutivecoaching.com\/en\/wp-json\/wp\/v2\/pages\/6\/revisions"}],"predecessor-version":[{"id":2038,"href":"https:\/\/exekutivecoaching.com\/en\/wp-json\/wp\/v2\/pages\/6\/revisions\/2038"}],"wp:featuredmedia":[{"embeddable":true,"href":"https:\/\/exekutivecoaching.com\/en\/wp-json\/wp\/v2\/media\/1166"}],"wp:attachment":[{"href":"https:\/\/exekutivecoaching.com\/en\/wp-json\/wp\/v2\/media?parent=6"}],"curies":[{"name":"wp","href":"https:\/\/api.w.org\/{rel}","templated":true}]}}