{"id":9,"date":"2020-04-11T17:40:09","date_gmt":"2020-04-11T15:40:09","guid":{"rendered":"http:\/\/exekutive.local\/?page_id=9"},"modified":"2020-11-27T20:15:41","modified_gmt":"2020-11-27T19:15:41","slug":"loyalty-program-2","status":"publish","type":"page","link":"https:\/\/exekutivecoaching.com\/en\/loyalty-program-2\/","title":{"rendered":"Loyalty Program"},"content":{"rendered":"","protected":false},"excerpt":{"rendered":"","protected":false},"author":1,"featured_media":1812,"parent":0,"menu_order":22,"comment_status":"closed","ping_status":"closed","template":"template-porque-fidelizacion.php","meta":[],"yoast_head":"<!-- This site is optimized with the Yoast SEO plugin v14.3 - https:\/\/yoast.com\/wordpress\/plugins\/seo\/ -->\n<meta name=\"description\" content=\"En Exekutive Coaching hemos dise\u00f1ado un gran sistema de recompensas para sacar el m\u00e1ximo rendimiento para tu equipo y compa\u00f1\u00eda. \u00a1Con\u00f3celo!\" \/>\n<meta name=\"robots\" content=\"index, follow\" \/>\n<meta name=\"googlebot\" content=\"index, follow, max-snippet:-1, max-image-preview:large, max-video-preview:-1\" \/>\n<meta name=\"bingbot\" content=\"index, follow, max-snippet:-1, max-image-preview:large, max-video-preview:-1\" \/>\n<link rel=\"canonical\" href=\"https:\/\/exekutivecoaching.com\/en\/loyalty-program-2\/\" \/>\n<meta property=\"og:locale\" content=\"en_US\" \/>\n<meta property=\"og:type\" content=\"article\" \/>\n<meta property=\"og:title\" content=\"Programa de Fidelizaci\u00f3n | Coaching ejecutivo | Exekutive Coaching\" \/>\n<meta property=\"og:description\" content=\"En Exekutive Coaching hemos dise\u00f1ado un gran sistema de recompensas para sacar el m\u00e1ximo rendimiento para tu equipo y compa\u00f1\u00eda. \u00a1Con\u00f3celo!\" \/>\n<meta property=\"og:url\" content=\"https:\/\/exekutivecoaching.com\/en\/loyalty-program-2\/\" \/>\n<meta property=\"og:site_name\" content=\"Exekutive Coaching (English)\" \/>\n<meta property=\"article:modified_time\" content=\"2020-11-27T19:15:41+00:00\" \/>\n<meta property=\"og:image\" content=\"https:\/\/exekutivecoaching.com\/en\/wp-content\/uploads\/sites\/2\/2020\/07\/exekutive-coaching-porque-fidelizacion-hero.jpg\" \/>\n\t<meta property=\"og:image:width\" content=\"4388\" \/>\n\t<meta property=\"og:image:height\" content=\"3000\" \/>\n<meta name=\"twitter:card\" content=\"summary_large_image\" \/>\n<script type=\"application\/ld+json\" class=\"yoast-schema-graph\">{\"@context\":\"https:\/\/schema.org\",\"@graph\":[{\"@type\":\"WebSite\",\"@id\":\"https:\/\/exekutivecoaching.com\/en\/#website\",\"url\":\"https:\/\/exekutivecoaching.com\/en\/\",\"name\":\"Exekutive Coaching (English)\",\"description\":\"Executive coaching\",\"potentialAction\":[{\"@type\":\"SearchAction\",\"target\":\"https:\/\/exekutivecoaching.com\/en\/?s={search_term_string}\",\"query-input\":\"required name=search_term_string\"}],\"inLanguage\":\"en-US\"},{\"@type\":\"ImageObject\",\"@id\":\"https:\/\/exekutivecoaching.com\/en\/loyalty-program-2\/#primaryimage\",\"inLanguage\":\"en-US\",\"url\":\"https:\/\/exekutivecoaching.com\/en\/wp-content\/uploads\/sites\/2\/2020\/07\/exekutive-coaching-porque-fidelizacion-hero.jpg\",\"width\":4388,\"height\":3000},{\"@type\":\"WebPage\",\"@id\":\"https:\/\/exekutivecoaching.com\/en\/loyalty-program-2\/#webpage\",\"url\":\"https:\/\/exekutivecoaching.com\/en\/loyalty-program-2\/\",\"name\":\"Programa de Fidelizaci\\u00f3n | Coaching ejecutivo | Exekutive Coaching\",\"isPartOf\":{\"@id\":\"https:\/\/exekutivecoaching.com\/en\/#website\"},\"primaryImageOfPage\":{\"@id\":\"https:\/\/exekutivecoaching.com\/en\/loyalty-program-2\/#primaryimage\"},\"datePublished\":\"2020-04-11T15:40:09+00:00\",\"dateModified\":\"2020-11-27T19:15:41+00:00\",\"description\":\"En Exekutive Coaching hemos dise\\u00f1ado un gran sistema de recompensas para sacar el m\\u00e1ximo rendimiento para tu equipo y compa\\u00f1\\u00eda. \\u00a1Con\\u00f3celo!\",\"inLanguage\":\"en-US\",\"potentialAction\":[{\"@type\":\"ReadAction\",\"target\":[\"https:\/\/exekutivecoaching.com\/en\/loyalty-program-2\/\"]}]}]}<\/script>\n<!-- \/ Yoast SEO plugin. -->","_links":{"self":[{"href":"https:\/\/exekutivecoaching.com\/en\/wp-json\/wp\/v2\/pages\/9"}],"collection":[{"href":"https:\/\/exekutivecoaching.com\/en\/wp-json\/wp\/v2\/pages"}],"about":[{"href":"https:\/\/exekutivecoaching.com\/en\/wp-json\/wp\/v2\/types\/page"}],"author":[{"embeddable":true,"href":"https:\/\/exekutivecoaching.com\/en\/wp-json\/wp\/v2\/users\/1"}],"replies":[{"embeddable":true,"href":"https:\/\/exekutivecoaching.com\/en\/wp-json\/wp\/v2\/comments?post=9"}],"version-history":[{"count":14,"href":"https:\/\/exekutivecoaching.com\/en\/wp-json\/wp\/v2\/pages\/9\/revisions"}],"predecessor-version":[{"id":1962,"href":"https:\/\/exekutivecoaching.com\/en\/wp-json\/wp\/v2\/pages\/9\/revisions\/1962"}],"wp:featuredmedia":[{"embeddable":true,"href":"https:\/\/exekutivecoaching.com\/en\/wp-json\/wp\/v2\/media\/1812"}],"wp:attachment":[{"href":"https:\/\/exekutivecoaching.com\/en\/wp-json\/wp\/v2\/media?parent=9"}],"curies":[{"name":"wp","href":"https:\/\/api.w.org\/{rel}","templated":true}]}}